{"id":925,"date":"2025-11-16T04:02:05","date_gmt":"2025-11-16T04:02:05","guid":{"rendered":"https:\/\/ecbv.jvsdesign.ca\/?page_id=925"},"modified":"2025-11-16T04:02:05","modified_gmt":"2025-11-16T04:02:05","slug":"diseno","status":"publish","type":"page","link":"https:\/\/www.ecbv.net\/index.php\/diseno\/","title":{"rendered":"Dise\u00f1o"},"content":{"rendered":"\n<section id=\"wp-block-themeisle-blocks-advanced-columns-9f8848a6\" class=\"wp-block-themeisle-blocks-advanced-columns alignfull has-2-columns has-desktop-equal-layout has-tablet-collapsedRows-layout has-mobile-collapsedRows-layout has-reverse-columns-tablet has-reverse-columns-mobile has-vertical-center has-dark-bg\"><div class=\"wp-block-themeisle-blocks-advanced-columns-overlay\"><\/div><div class=\"innerblocks-wrap\">\n<div id=\"wp-block-themeisle-blocks-advanced-column-cedf80ca\" class=\"wp-block-themeisle-blocks-advanced-column\">\n<h1 id=\"wp-block-themeisle-blocks-advanced-heading-ddc7a054\" class=\"wp-block-themeisle-blocks-advanced-heading wp-block-themeisle-blocks-advanced-heading-ddc7a054\">Dise\u00f1o<\/h1>\n\n\n\n<div style=\"height:40px\" aria-hidden=\"true\" class=\"wp-block-spacer\"><\/div>\n\n\n\n<p class=\"has-medium-font-size\">Nuestra misi\u00f3n es superar las expectativas de nuestros clientes, dise\u00f1ando y construyendo espacios funcionales, seguros y perfectamente adaptados a sus necesidades.<\/p>\n<\/div>\n\n\n\n<div id=\"wp-block-themeisle-blocks-advanced-column-48eed1bc\" class=\"wp-block-themeisle-blocks-advanced-column\"><\/div>\n<\/div><\/section>\n\n\n\n<section id=\"wp-block-themeisle-blocks-advanced-columns-ccfdd483\" class=\"wp-block-themeisle-blocks-advanced-columns alignfull has-2-columns has-desktop-equal-layout has-tablet-equal-layout has-mobile-collapsedRows-layout has-vertical-center has-light-bg\"><div class=\"wp-block-themeisle-blocks-advanced-columns-overlay\"><\/div><div class=\"innerblocks-wrap\">\n<div id=\"wp-block-themeisle-blocks-advanced-column-5e80d468\" class=\"wp-block-themeisle-blocks-advanced-column\">\n<div id=\"wp-block-themeisle-blocks-advanced-heading-32e5a6a4\" class=\"wp-block-themeisle-blocks-advanced-heading wp-block-themeisle-blocks-advanced-heading-32e5a6a4\"><\/div>\n\n\n\n<h2 class=\"wp-block-heading has-text-align-left has-text-color has-link-color wp-elements-38e28892f0a4eb6ec20bcbc047bd1990\" id=\"dedicated-to-excellence-in-service-1\" style=\"color:#080808;margin-top:25px;font-size:clamp(28.836px, 1.802rem + ((1vw - 3.2px) * 2.075), 50px);line-height:1.2\">Gesti\u00f3n de Proyectos y Estudio de Factibilidad<\/h2>\n\n\n\n<p class=\"has-text-align-left has-text-color has-link-color wp-elements-375975dbe4a32093ec690b0cf14b518d\" style=\"color:#080808\">Acompa\u00f1amos cada proyecto desde su etapa inicial, evaluando su viabilidad t\u00e9cnica, econ\u00f3mica y operativa. Analizamos alcances, costos, plazos y riesgos para garantizar decisiones acertadas y una planificaci\u00f3n eficiente. Nuestra gesti\u00f3n de proyectos asegura control, coordinaci\u00f3n y cumplimiento de los objetivos establecidos desde el inicio.<\/p>\n<\/div>\n\n\n\n<div id=\"wp-block-themeisle-blocks-advanced-column-db653346\" class=\"wp-block-themeisle-blocks-advanced-column\">\n<figure class=\"wp-block-image size-full has-custom-border\"><img decoding=\"async\" src=\"https:\/\/www.ecbv.net\/wp-content\/uploads\/2026\/05\/Imagen-Blue-Print.png\" alt=\"\" class=\"wp-image-1340\" style=\"border-radius:0px;aspect-ratio:4\/3;object-fit:cover\"\/><\/figure>\n<\/div>\n<\/div><\/section>\n\n\n\n<section id=\"wp-block-themeisle-blocks-advanced-columns-25566cc0\" class=\"wp-block-themeisle-blocks-advanced-columns alignfull has-2-columns has-desktop-equal-layout has-tablet-equal-layout has-mobile-collapsedRows-layout has-vertical-center has-light-bg\"><div class=\"wp-block-themeisle-blocks-advanced-columns-overlay\"><\/div><div class=\"innerblocks-wrap\">\n<div id=\"wp-block-themeisle-blocks-advanced-column-5836bdb9\" class=\"wp-block-themeisle-blocks-advanced-column\">\n<figure class=\"wp-block-image size-full has-custom-border\"><img decoding=\"async\" src=\"https:\/\/www.ecbv.net\/wp-content\/uploads\/2026\/01\/WhatsApp-Image-2025-11-24-at-10.23.34_9d40c1bb.jpg\" alt=\"\" class=\"wp-image-1026\" style=\"border-radius:0px\"\/><\/figure>\n<\/div>\n\n\n\n<div id=\"wp-block-themeisle-blocks-advanced-column-5adba82f\" class=\"wp-block-themeisle-blocks-advanced-column\">\n<div id=\"wp-block-themeisle-blocks-advanced-heading-fb7e7264\" class=\"wp-block-themeisle-blocks-advanced-heading wp-block-themeisle-blocks-advanced-heading-fb7e7264\"><\/div>\n\n\n\n<h2 class=\"wp-block-heading has-text-align-left has-text-color has-link-color wp-elements-bd70c791a8d605911ee97eda82ea8c3b\" id=\"dedicated-to-excellence-in-service-1\" style=\"color:#080808;margin-top:25px;font-size:clamp(28.836px, 1.802rem + ((1vw - 3.2px) * 2.075), 50px);line-height:1.2\">Dise\u00f1o Conceptual<\/h2>\n\n\n\n<p class=\"has-text-align-left has-text-color has-link-color wp-elements-2ca2f9ad8968b11dc31e444ef44eb9da\" style=\"color:#080808\">Transformamos ideas en soluciones claras y funcionales. En esta etapa definimos el concepto general del proyecto, explorando alternativas de dise\u00f1o que respondan a las necesidades del cliente, el entorno y la normativa vigente. El dise\u00f1o conceptual sienta las bases est\u00e9ticas, t\u00e9cnicas y funcionales del desarrollo.<\/p>\n<\/div>\n<\/div><\/section>\n\n\n\n<section id=\"wp-block-themeisle-blocks-advanced-columns-367bd4f6\" class=\"wp-block-themeisle-blocks-advanced-columns alignfull has-2-columns has-desktop-equal-layout has-tablet-equal-layout has-mobile-collapsedRows-layout has-vertical-center has-light-bg\"><div class=\"wp-block-themeisle-blocks-advanced-columns-overlay\"><\/div><div class=\"innerblocks-wrap\">\n<div id=\"wp-block-themeisle-blocks-advanced-column-d8c59206\" class=\"wp-block-themeisle-blocks-advanced-column\">\n<div id=\"wp-block-themeisle-blocks-advanced-heading-15c8ad88\" class=\"wp-block-themeisle-blocks-advanced-heading wp-block-themeisle-blocks-advanced-heading-15c8ad88\"><\/div>\n\n\n\n<h2 class=\"wp-block-heading has-text-align-left has-text-color has-link-color wp-elements-379e4897d0d174367515aafb2fd768b0\" id=\"dedicated-to-excellence-in-service-1\" style=\"color:#080808;margin-top:25px;font-size:clamp(28.836px, 1.802rem + ((1vw - 3.2px) * 2.075), 50px);line-height:1.2\">Dise\u00f1o Arquitect\u00f3nico<\/h2>\n\n\n\n<p class=\"has-text-align-left has-text-color has-link-color wp-elements-d57f7f91b9a6a8458a203f408d27d78b\" style=\"color:#080808\">Desarrollamos propuestas arquitect\u00f3nicas integrales que equilibran funcionalidad, est\u00e9tica y eficiencia. Nuestros dise\u00f1os se adaptan al uso del espacio, a las condiciones del sitio y a los requerimientos del proyecto, creando soluciones modernas, sostenibles y alineadas con la visi\u00f3n del cliente.<\/p>\n<\/div>\n\n\n\n<div id=\"wp-block-themeisle-blocks-advanced-column-6a126b54\" class=\"wp-block-themeisle-blocks-advanced-column\">\n<figure class=\"wp-block-image size-full has-custom-border\"><img decoding=\"async\" src=\"https:\/\/www.ecbv.net\/wp-content\/uploads\/2026\/05\/Picture2-1.png\" alt=\"\" class=\"wp-image-1342\" style=\"border-radius:0px\"\/><\/figure>\n<\/div>\n<\/div><\/section>\n\n\n\n<section id=\"wp-block-themeisle-blocks-advanced-columns-59636578\" class=\"wp-block-themeisle-blocks-advanced-columns alignfull has-2-columns has-desktop-equal-layout has-tablet-equal-layout has-mobile-collapsedRows-layout has-vertical-center has-light-bg\"><div class=\"wp-block-themeisle-blocks-advanced-columns-overlay\"><\/div><div class=\"innerblocks-wrap\">\n<div id=\"wp-block-themeisle-blocks-advanced-column-b30c78aa\" class=\"wp-block-themeisle-blocks-advanced-column\">\n<figure class=\"wp-block-image size-full has-custom-border\"><img decoding=\"async\" src=\"https:\/\/www.ecbv.net\/wp-content\/uploads\/2026\/01\/Diseno-Y-planificacion-scaled.jpg\" alt=\"\" class=\"wp-image-1099\" style=\"border-radius:0px\"\/><figcaption class=\"wp-element-caption\">s.<\/figcaption><\/figure>\n<\/div>\n\n\n\n<div id=\"wp-block-themeisle-blocks-advanced-column-e2aa57f1\" class=\"wp-block-themeisle-blocks-advanced-column\">\n<div id=\"wp-block-themeisle-blocks-advanced-heading-eb805f3d\" class=\"wp-block-themeisle-blocks-advanced-heading wp-block-themeisle-blocks-advanced-heading-eb805f3d\"><\/div>\n\n\n\n<h2 class=\"wp-block-heading has-text-align-left has-text-color has-link-color wp-elements-4185de44a8b5abf7ae53a2b5ff740b91\" id=\"dedicated-to-excellence-in-service-1\" style=\"color:#080808;margin-top:25px;font-size:clamp(28.836px, 1.802rem + ((1vw - 3.2px) * 2.075), 50px);line-height:1.2\">Ingenier\u00eda Estructural y Dise\u00f1o<\/h2>\n\n\n\n<p class=\"has-text-align-left has-text-color has-link-color wp-elements-76c6e8ba1ccd664925db55936fbe7d75\" style=\"color:#080808\">Realizamos el an\u00e1lisis y dise\u00f1o estructural con altos est\u00e1ndares de seguridad y calidad. Aplicamos criterios t\u00e9cnicos avanzados para garantizar estructuras eficientes, seguras y optimizadas, considerando cargas, materiales y normativas aplicables a cada proyecto espec\u00edfico.<\/p>\n<\/div>\n<\/div><\/section>\n\n\n\n<div class=\"wp-block-columns has-background is-layout-flex wp-container-core-columns-is-layout-28f84493 wp-block-columns-is-layout-flex\" style=\"background-color:#f2f2f200\">\n<div class=\"wp-block-column is-layout-flow wp-block-column-is-layout-flow\" style=\"flex-basis:50%\">\n<figure class=\"wp-block-image size-full\"><img decoding=\"async\" src=\"https:\/\/www.ecbv.net\/wp-content\/uploads\/2026\/01\/DJI_0570-HDR-Editada.jpg\" alt=\"\" class=\"wp-image-1123\" style=\"aspect-ratio:1;object-fit:cover\"\/><\/figure>\n<\/div>\n\n\n\n<div class=\"wp-block-column is-layout-flow wp-block-column-is-layout-flow\" style=\"flex-basis:50%\">\n<h2 class=\"wp-block-heading has-text-color has-link-color wp-elements-a80196d0ad3f5a3b8daa14b91563e31e\" id=\"contacta-con-nosotros\" style=\"color:#2e3433\">Contacta con nosotros<\/h2>\n\n\n\n<div id=\"wp-block-themeisle-blocks-form-63a3cae9\" class=\"wp-block-themeisle-blocks-form\" data-option-name=\"bf9b28ff82ce323187abc5d0feb0d8f07ecd8436_63a3cae9\"><form class=\"otter-form__container\">\n\n<div id=\"wp-block-themeisle-blocks-form-input-25e56741\" class=\"wp-block-themeisle-blocks-form-input\"><label for=\"wp-block-themeisle-blocks-form-input-25e56741-input\" class=\"otter-form-input-label\"><span class=\"otter-form-input-label__label\">NAME<\/span><span class=\"required\">*<\/span><\/label><input type=\"text\" id=\"wp-block-themeisle-blocks-form-input-25e56741-input\" required class=\"otter-form-input\"\/><\/div>\n\n\n<div id=\"wp-block-themeisle-blocks-form-input-2530537b\" class=\"wp-block-themeisle-blocks-form-input\"><label for=\"wp-block-themeisle-blocks-form-input-2530537b-input\" class=\"otter-form-input-label\"><span class=\"otter-form-input-label__label\">EMAIL<\/span><span class=\"required\">*<\/span><\/label><input type=\"email\" id=\"wp-block-themeisle-blocks-form-input-2530537b-input\" required class=\"otter-form-input\"\/><\/div>\n\n\n<div id=\"wp-block-themeisle-blocks-form-textarea-6333cc70\" class=\"wp-block-themeisle-blocks-form-textarea\"><label for=\"wp-block-themeisle-blocks-form-textarea-6333cc70-input\" class=\"otter-form-textarea-label\"><span class=\"otter-form-textarea-label__label\">MESSAGE<\/span><\/label><textarea id=\"wp-block-themeisle-blocks-form-textarea-6333cc70-input\" rows=\"10\" class=\"otter-form-textarea-input\"><\/textarea><\/div>\n\n\n<div class=\"wp-block-button\"><button class=\"wp-block-button__link\" type=\"submit\">Submit<\/button><\/div><\/form><\/div>\n<\/div>\n<\/div>\n\n\n\n<div class=\"wp-block-group alignfull has-white-background-color has-background has-global-padding is-layout-constrained wp-block-group-is-layout-constrained\" style=\"padding-top:7rem;padding-bottom:7rem\">\n<p><\/p>\n\n\n\n<h1 class=\"wp-block-heading has-text-align-center has-black-color has-text-color has-link-color has-x-large-font-size wp-elements-9d76e2df90580b33fe89823f9f16d2de\" id=\"transformamos-ideas-disenos-y-materiales-en-estructuras-fisicas-duraderas\" style=\"margin-top:0;margin-bottom:20px;font-style:normal;font-weight:800;line-height:1.2\">Transformamos ideas, dise\u00f1os y materiales en estructuras f\u00edsicas duraderas.<\/h1>\n\n\n\n<p class=\"has-text-align-center has-black-color has-text-color has-link-color wp-elements-e5b81ecb0afc8cad66cc5ef5c27c2d34\" style=\"margin-bottom:var(--wp--preset--spacing--60)\"><\/p>\n\n\n\n<div class=\"wp-block-buttons is-content-justification-center is-layout-flex wp-container-core-buttons-is-layout-2b69d536 wp-block-buttons-is-layout-flex\" style=\"margin-bottom:var(--wp--preset--spacing--80)\">\n<div class=\"wp-block-button is-style-outline is-style-outline--1\"><a class=\"wp-block-button__link has-black-color has-text-color has-background has-link-color has-border-color has-black-border-color has-custom-font-size wp-element-button\" href=\"https:\/\/www.ecbv.net\/solicitud-de-proyecto-de-construccion\/\" style=\"border-width:2px;border-radius:8px;background-color:#ffffff00;padding-top:13px;padding-right:25px;padding-bottom:13px;padding-left:25px;font-size:clamp(14px, 0.875rem + ((1vw - 3.2px) * 0.392), 18px);font-style:normal;font-weight:600\">Solicitar consulta<\/a><\/div>\n<\/div>\n<\/div>\n","protected":false},"excerpt":{"rendered":"<p>Contacta con nosotros Transformamos ideas, dise\u00f1os y materiales en estructuras f\u00edsicas duraderas.<\/p>\n","protected":false},"author":1,"featured_media":0,"parent":0,"menu_order":0,"comment_status":"closed","ping_status":"closed","template":"","meta":{"footnotes":""},"class_list":["post-925","page","type-page","status-publish","hentry"],"_links":{"self":[{"href":"https:\/\/www.ecbv.net\/index.php\/wp-json\/wp\/v2\/pages\/925","targetHints":{"allow":["GET"]}}],"collection":[{"href":"https:\/\/www.ecbv.net\/index.php\/wp-json\/wp\/v2\/pages"}],"about":[{"href":"https:\/\/www.ecbv.net\/index.php\/wp-json\/wp\/v2\/types\/page"}],"author":[{"embeddable":true,"href":"https:\/\/www.ecbv.net\/index.php\/wp-json\/wp\/v2\/users\/1"}],"replies":[{"embeddable":true,"href":"https:\/\/www.ecbv.net\/index.php\/wp-json\/wp\/v2\/comments?post=925"}],"version-history":[{"count":0,"href":"https:\/\/www.ecbv.net\/index.php\/wp-json\/wp\/v2\/pages\/925\/revisions"}],"wp:attachment":[{"href":"https:\/\/www.ecbv.net\/index.php\/wp-json\/wp\/v2\/media?parent=925"}],"curies":[{"name":"wp","href":"https:\/\/api.w.org\/{rel}","templated":true}]}}