{"id":927,"date":"2025-11-16T04:02:22","date_gmt":"2025-11-16T04:02:22","guid":{"rendered":"https:\/\/ecbv.jvsdesign.ca\/?page_id=927"},"modified":"2025-11-16T04:02:22","modified_gmt":"2025-11-16T04:02:22","slug":"construccion","status":"publish","type":"page","link":"https:\/\/www.ecbv.net\/index.php\/construccion\/","title":{"rendered":"Construcci\u00f3n"},"content":{"rendered":"\n<section id=\"wp-block-themeisle-blocks-advanced-columns-9f8848a6\" class=\"wp-block-themeisle-blocks-advanced-columns alignfull has-2-columns has-desktop-equal-layout has-tablet-collapsedRows-layout has-mobile-collapsedRows-layout has-reverse-columns-tablet has-reverse-columns-mobile has-vertical-center has-dark-bg\"><div class=\"wp-block-themeisle-blocks-advanced-columns-overlay\"><\/div><div class=\"innerblocks-wrap\">\n<div id=\"wp-block-themeisle-blocks-advanced-column-cedf80ca\" class=\"wp-block-themeisle-blocks-advanced-column\">\n<h1 id=\"wp-block-themeisle-blocks-advanced-heading-ddc7a054\" class=\"wp-block-themeisle-blocks-advanced-heading wp-block-themeisle-blocks-advanced-heading-ddc7a054\">Construcci\u00f3n<\/h1>\n\n\n\n<div style=\"height:40px\" aria-hidden=\"true\" class=\"wp-block-spacer\"><\/div>\n\n\n\n<p><p class=\"has-text-align-left ticss-3d5093b2 has-text-color\" style=\"color:#ffffff;margin-top:0;margin-bottom:30px;font-size:22px\">Ofrecemos a nuestros clientes un servicio integral de dise\u00f1o y an\u00e1lisis estructural<span style=\"color: unset; font-size: revert; background-color: rgba(0, 0, 0, 0);\">.<\/span><\/p><\/p>\n<\/div>\n\n\n\n<div id=\"wp-block-themeisle-blocks-advanced-column-48eed1bc\" class=\"wp-block-themeisle-blocks-advanced-column\"><\/div>\n<\/div><\/section>\n\n\n\n<section id=\"wp-block-themeisle-blocks-advanced-columns-ccfdd483\" class=\"wp-block-themeisle-blocks-advanced-columns alignfull has-2-columns has-desktop-equal-layout has-tablet-equal-layout has-mobile-collapsedRows-layout has-vertical-center has-light-bg\"><div class=\"wp-block-themeisle-blocks-advanced-columns-overlay\"><\/div><div class=\"innerblocks-wrap\">\n<div id=\"wp-block-themeisle-blocks-advanced-column-5e80d468\" class=\"wp-block-themeisle-blocks-advanced-column\">\n<h2 class=\"wp-block-heading has-text-align-left has-text-color has-link-color wp-elements-3c595eeffed66830df76b987a2d747c9\" id=\"dedicated-to-excellence-in-service-1\" style=\"color:#080808;margin-top:25px;font-size:clamp(28.836px, 1.802rem + ((1vw - 3.2px) * 2.075), 50px);line-height:1.2\">Topograf\u00eda y Dise\u00f1o de Movimiento de Tierras<\/h2>\n\n\n\n<p class=\"has-text-align-left has-text-color has-link-color wp-elements-d6332a67f45bce06200fd9da29bbea53\" style=\"color:#080808\">Realizamos levantamientos topogr\u00e1ficos de alta precisi\u00f3n y el dise\u00f1o t\u00e9cnico del movimiento de tierras, garantizando una \u00f3ptima adaptaci\u00f3n del proyecto al terreno. Optimizamos cortes, rellenos y nivelaciones para asegurar estabilidad, eficiencia constructiva y reducci\u00f3n de costos durante la ejecuci\u00f3n de la obra.<\/p>\n<\/div>\n\n\n\n<div id=\"wp-block-themeisle-blocks-advanced-column-db653346\" class=\"wp-block-themeisle-blocks-advanced-column\">\n<figure class=\"wp-block-image size-full has-custom-border\"><img decoding=\"async\" src=\"https:\/\/www.ecbv.net\/wp-content\/uploads\/2026\/01\/Picture1.jpg\" alt=\"\" class=\"wp-image-1104\" style=\"border-radius:0px;aspect-ratio:1;object-fit:cover\"\/><\/figure>\n<\/div>\n<\/div><\/section>\n\n\n\n<section id=\"wp-block-themeisle-blocks-advanced-columns-86a46e65\" class=\"wp-block-themeisle-blocks-advanced-columns alignfull has-2-columns has-desktop-equal-layout has-tablet-equal-layout has-mobile-collapsedRows-layout has-vertical-center has-light-bg\"><div class=\"wp-block-themeisle-blocks-advanced-columns-overlay\"><\/div><div class=\"innerblocks-wrap\">\n<div id=\"wp-block-themeisle-blocks-advanced-column-0021b0a3\" class=\"wp-block-themeisle-blocks-advanced-column\">\n<figure class=\"wp-block-image size-large has-custom-border\"><img decoding=\"async\" src=\"https:\/\/www.ecbv.net\/wp-content\/uploads\/2026\/01\/WhatsApp-Image-2025-11-24-at-10.26.59_86171057-576x1024.jpg\" alt=\"\" class=\"wp-image-1106\" style=\"border-radius:0px;aspect-ratio:1;object-fit:cover\"\/><\/figure>\n<\/div>\n\n\n\n<div id=\"wp-block-themeisle-blocks-advanced-column-26a2f0d3\" class=\"wp-block-themeisle-blocks-advanced-column\">\n<div id=\"wp-block-themeisle-blocks-advanced-heading-901e661a\" class=\"wp-block-themeisle-blocks-advanced-heading wp-block-themeisle-blocks-advanced-heading-901e661a\"><strong> <\/strong><\/div>\n\n\n\n<h2 class=\"wp-block-heading has-text-align-left has-text-color has-link-color wp-elements-1c81a6437174814f2cb05c92a586dc51\" id=\"dedicated-to-excellence-in-service-1\" style=\"color:#080808;margin-top:25px;font-size:clamp(28.836px, 1.802rem + ((1vw - 3.2px) * 2.075), 50px);line-height:1.2\">Obras Civiles<\/h2>\n\n\n\n<p class=\"has-text-align-left has-text-color has-link-color wp-elements-735e2de8149f2a103f2a894919b6fdef\" style=\"color:#080808\">Ejecutamos obras civiles bajo altos est\u00e1ndares de calidad, seguridad y cumplimiento normativo. Desarrollamos proyectos de infraestructura b\u00e1sica, industrial y comercial, garantizando durabilidad, funcionalidad y una ejecuci\u00f3n eficiente en cada etapa del proceso constructivo.<\/p>\n\n\n\n<p class=\"has-text-align-left has-text-color has-link-color wp-elements-d64826ef634cafa19a0c81096893d0c1\" style=\"color:#080808\"><\/p>\n<\/div>\n<\/div><\/section>\n\n\n\n<section id=\"wp-block-themeisle-blocks-advanced-columns-33646a76\" class=\"wp-block-themeisle-blocks-advanced-columns alignfull has-2-columns has-desktop-equal-layout has-tablet-equal-layout has-mobile-collapsedRows-layout has-vertical-center has-light-bg\"><div class=\"wp-block-themeisle-blocks-advanced-columns-overlay\"><\/div><div class=\"innerblocks-wrap\">\n<div id=\"wp-block-themeisle-blocks-advanced-column-1667dcb2\" class=\"wp-block-themeisle-blocks-advanced-column\">\n<div id=\"wp-block-themeisle-blocks-advanced-heading-5c4c46ba\" class=\"wp-block-themeisle-blocks-advanced-heading wp-block-themeisle-blocks-advanced-heading-5c4c46ba\"><\/div>\n\n\n\n<h2 class=\"wp-block-heading has-text-align-left has-text-color has-link-color wp-elements-e6efe678c745502db08083b405d607c2\" id=\"dedicated-to-excellence-in-service-1\" style=\"color:#080808;margin-top:25px;font-size:clamp(28.836px, 1.802rem + ((1vw - 3.2px) * 2.075), 50px);line-height:1.2\">Estructuras Met\u00e1licas Prefabricadas, Hormig\u00f3n Armado y Mamposter\u00eda<\/h2>\n\n\n\n<p class=\"has-text-align-left has-text-color has-link-color wp-elements-1fbbd10e0a1ff4e7e14c7805dcca9be3\" style=\"color:#080808\">Desarrollamos e instalamos sistemas estructurales adaptados a los requerimientos de cada proyecto. Trabajamos con estructuras met\u00e1licas prefabricadas, hormig\u00f3n armado y mamposter\u00eda, ofreciendo soluciones resistentes, eficientes y optimizadas para distintos usos y condiciones operativas.<\/p>\n<\/div>\n\n\n\n<div id=\"wp-block-themeisle-blocks-advanced-column-359778c7\" class=\"wp-block-themeisle-blocks-advanced-column\">\n<figure class=\"wp-block-image size-full has-custom-border\"><img decoding=\"async\" src=\"https:\/\/www.ecbv.net\/wp-content\/uploads\/2026\/01\/Picture2.jpg\" alt=\"\" class=\"wp-image-1107\" style=\"border-radius:0px;aspect-ratio:1;object-fit:cover\"\/><\/figure>\n<\/div>\n<\/div><\/section>\n\n\n\n<section id=\"wp-block-themeisle-blocks-advanced-columns-0ba34cb2\" class=\"wp-block-themeisle-blocks-advanced-columns alignfull has-2-columns has-desktop-equal-layout has-tablet-equal-layout has-mobile-collapsedRows-layout has-vertical-center has-light-bg\"><div class=\"wp-block-themeisle-blocks-advanced-columns-overlay\"><\/div><div class=\"innerblocks-wrap\">\n<div id=\"wp-block-themeisle-blocks-advanced-column-54986336\" class=\"wp-block-themeisle-blocks-advanced-column\">\n<figure class=\"wp-block-image size-large has-custom-border\"><img decoding=\"async\" src=\"https:\/\/www.ecbv.net\/wp-content\/uploads\/2026\/01\/WhatsApp-Image-2025-11-24-at-10.27.28_b6140bc0-2-1024x653.jpg\" alt=\"\" class=\"wp-image-1114\" style=\"border-radius:0px;aspect-ratio:1;object-fit:cover\"\/><\/figure>\n<\/div>\n\n\n\n<div id=\"wp-block-themeisle-blocks-advanced-column-c110f49f\" class=\"wp-block-themeisle-blocks-advanced-column\">\n<div id=\"wp-block-themeisle-blocks-advanced-heading-f20bf48a\" class=\"wp-block-themeisle-blocks-advanced-heading wp-block-themeisle-blocks-advanced-heading-f20bf48a\"><\/div>\n\n\n\n<h2 class=\"wp-block-heading has-text-align-left has-text-color has-link-color wp-elements-3db9f583968fe745a70c6aac9dbd8c4d\" id=\"dedicated-to-excellence-in-service-1\" style=\"color:#080808;margin-top:25px;font-size:clamp(28.836px, 1.802rem + ((1vw - 3.2px) * 2.075), 50px);line-height:1.2\">Instalaciones El\u00e9ctricas, Hidrosanitarias y RCI<\/h2>\n\n\n\n<p class=\"has-text-align-left has-text-color has-link-color wp-elements-35669e48c54f78e153594c6c92ed04bf\" style=\"color:#080808\">Ejecutamos instalaciones el\u00e9ctricas, hidrosanitarias y sistemas de redes contra incendios (RCI), cumpliendo con la normativa vigente y los m\u00e1s altos est\u00e1ndares de seguridad. Garantizamos soluciones eficientes, seguras y confiables, plenamente integradas al dise\u00f1o general del proyecto.<\/p>\n<\/div>\n<\/div><\/section>\n\n\n\n<section id=\"wp-block-themeisle-blocks-advanced-columns-2582930e\" class=\"wp-block-themeisle-blocks-advanced-columns alignfull has-2-columns has-desktop-equal-layout has-tablet-equal-layout has-mobile-collapsedRows-layout has-vertical-center has-light-bg\"><div class=\"wp-block-themeisle-blocks-advanced-columns-overlay\"><\/div><div class=\"innerblocks-wrap\">\n<div id=\"wp-block-themeisle-blocks-advanced-column-084198d3\" class=\"wp-block-themeisle-blocks-advanced-column\">\n<div id=\"wp-block-themeisle-blocks-advanced-heading-b79e8d62\" class=\"wp-block-themeisle-blocks-advanced-heading wp-block-themeisle-blocks-advanced-heading-b79e8d62\"><\/div>\n\n\n\n<h2 class=\"wp-block-heading has-text-align-left has-text-color has-link-color wp-elements-2e01c0315e11df19932990f0084c26d1\" id=\"dedicated-to-excellence-in-service-1\" style=\"color:#080808;margin-top:25px;font-size:clamp(28.836px, 1.802rem + ((1vw - 3.2px) * 2.075), 50px);line-height:1.2\">Instalaciones de Plantas de Tratamiento<\/h2>\n\n\n\n<p class=\"has-text-align-left has-text-color has-link-color wp-elements-855c6f926a31ebffec78e7a0fc1d5bc1\" style=\"color:#080808\">Realizamos la instalaci\u00f3n de plantas de tratamiento de aguas y otros sistemas industriales, asegurando su correcto funcionamiento, eficiencia operativa y cumplimiento de la normativa ambiental. Supervisamos cada fase del proceso para garantizar una puesta en marcha segura y eficiente.<\/p>\n<\/div>\n\n\n\n<div id=\"wp-block-themeisle-blocks-advanced-column-f9f61498\" class=\"wp-block-themeisle-blocks-advanced-column\">\n<figure class=\"wp-block-image size-full has-custom-border\"><img decoding=\"async\" src=\"https:\/\/www.ecbv.net\/wp-content\/uploads\/2026\/05\/Picture-3.peg_.jpeg\" alt=\"\" class=\"wp-image-1437\" style=\"border-radius:0px;aspect-ratio:1;object-fit:cover\"\/><\/figure>\n<\/div>\n<\/div><\/section>\n\n\n\n<section id=\"wp-block-themeisle-blocks-advanced-columns-067ad9ae\" class=\"wp-block-themeisle-blocks-advanced-columns alignfull has-2-columns has-desktop-equal-layout has-tablet-equal-layout has-mobile-collapsedRows-layout has-vertical-center has-light-bg\"><div class=\"wp-block-themeisle-blocks-advanced-columns-overlay\"><\/div><div class=\"innerblocks-wrap\">\n<div id=\"wp-block-themeisle-blocks-advanced-column-3d4f5a33\" class=\"wp-block-themeisle-blocks-advanced-column\">\n<figure class=\"wp-block-image size-full has-custom-border\"><img decoding=\"async\" src=\"https:\/\/www.ecbv.net\/wp-content\/uploads\/2026\/01\/Picture4.jpg\" alt=\"\" class=\"wp-image-1111\" style=\"border-radius:0px;aspect-ratio:1;object-fit:cover\"\/><\/figure>\n<\/div>\n\n\n\n<div id=\"wp-block-themeisle-blocks-advanced-column-05acfae7\" class=\"wp-block-themeisle-blocks-advanced-column\">\n<div id=\"wp-block-themeisle-blocks-advanced-heading-419ac0b3\" class=\"wp-block-themeisle-blocks-advanced-heading wp-block-themeisle-blocks-advanced-heading-419ac0b3\"><\/div>\n\n\n\n<h2 class=\"wp-block-heading has-text-align-left has-text-color has-link-color wp-elements-c6a14435e7a6ca4117d4a44c441e8e43\" id=\"dedicated-to-excellence-in-service-1\" style=\"color:#080808;margin-top:25px;font-size:clamp(28.836px, 1.802rem + ((1vw - 3.2px) * 2.075), 50px);line-height:1.2\">Instalaciones de Plantas de Generaci\u00f3n<\/h2>\n\n\n\n<p class=\"has-text-align-left has-text-color has-link-color wp-elements-cb10a74aa62f2ca0b2027a481d746d71\" style=\"color:#080808\">Ofrecemos la instalaci\u00f3n de plantas de generaci\u00f3n el\u00e9ctrica, integrando equipos, sistemas el\u00e9ctricos y de control. Brindamos soluciones confiables que garantizan continuidad operativa y eficiencia energ\u00e9tica para diversos sectores.<\/p>\n<\/div>\n<\/div><\/section>\n\n\n\n<section id=\"wp-block-themeisle-blocks-advanced-columns-5ee32d02\" class=\"wp-block-themeisle-blocks-advanced-columns alignfull has-2-columns has-desktop-equal-layout has-tablet-equal-layout has-mobile-collapsedRows-layout has-vertical-center has-light-bg\"><div class=\"wp-block-themeisle-blocks-advanced-columns-overlay\"><\/div><div class=\"innerblocks-wrap\">\n<div id=\"wp-block-themeisle-blocks-advanced-column-8f32e72e\" class=\"wp-block-themeisle-blocks-advanced-column\">\n<div id=\"wp-block-themeisle-blocks-advanced-heading-e45f1c39\" class=\"wp-block-themeisle-blocks-advanced-heading wp-block-themeisle-blocks-advanced-heading-e45f1c39\"><\/div>\n\n\n\n<h2 class=\"wp-block-heading has-text-align-left has-text-color has-link-color wp-elements-4bb7db5781e980f105e71b0c8e4368fe\" id=\"dedicated-to-excellence-in-service-1\" style=\"color:#080808;margin-top:25px;font-size:clamp(28.836px, 1.802rem + ((1vw - 3.2px) * 2.075), 50px);line-height:1.2\">Terminaciones y Acabados Especializados<\/h2>\n\n\n\n<p class=\"has-text-align-left has-text-color has-link-color wp-elements-020bba2fb73e6df915beb231f6d13286\" style=\"color:#080808\">Ejecutamos terminaciones y acabados especializados que aportan calidad, funcionalidad y est\u00e9tica al proyecto final. Cuidamos cada detalle para lograr resultados duraderos, alineados con los requerimientos t\u00e9cnicos y la visi\u00f3n del cliente.<\/p>\n<\/div>\n\n\n\n<div id=\"wp-block-themeisle-blocks-advanced-column-372d8db2\" class=\"wp-block-themeisle-blocks-advanced-column\">\n<figure class=\"wp-block-image size-full has-custom-border\"><img decoding=\"async\" src=\"https:\/\/www.ecbv.net\/wp-content\/uploads\/2026\/05\/WhatsApp-Image-2026-05-06-at-05.02.02.jpeg\" alt=\"\" class=\"wp-image-1438\" style=\"border-radius:0px;aspect-ratio:1;object-fit:cover\"\/><\/figure>\n<\/div>\n<\/div><\/section>\n\n\n\n<div class=\"wp-block-columns has-background is-layout-flex wp-container-core-columns-is-layout-28f84493 wp-block-columns-is-layout-flex\" style=\"background-color:#f2f2f200\">\n<div class=\"wp-block-column is-layout-flow wp-block-column-is-layout-flow\" style=\"flex-basis:50%\">\n<figure class=\"wp-block-image size-full\"><img decoding=\"async\" src=\"https:\/\/www.ecbv.net\/wp-content\/uploads\/2026\/01\/cacique.jpg\" alt=\"\" class=\"wp-image-1126\" style=\"aspect-ratio:1;object-fit:cover\"\/><\/figure>\n<\/div>\n\n\n\n<div class=\"wp-block-column is-layout-flow wp-block-column-is-layout-flow\" style=\"flex-basis:50%\">\n<h2 class=\"wp-block-heading has-text-color has-link-color wp-elements-a80196d0ad3f5a3b8daa14b91563e31e\" id=\"contacta-con-nosotros\" style=\"color:#2e3433\">Contacta con nosotros<\/h2>\n\n\n\n<div id=\"wp-block-themeisle-blocks-form-63a3cae9\" class=\"wp-block-themeisle-blocks-form\" data-option-name=\"bf9b28ff82ce323187abc5d0feb0d8f07ecd8436_63a3cae9\"><form class=\"otter-form__container\">\n\n<div id=\"wp-block-themeisle-blocks-form-input-25e56741\" class=\"wp-block-themeisle-blocks-form-input\"><label for=\"wp-block-themeisle-blocks-form-input-25e56741-input\" class=\"otter-form-input-label\"><span class=\"otter-form-input-label__label\">NAME<\/span><span class=\"required\">*<\/span><\/label><input type=\"text\" id=\"wp-block-themeisle-blocks-form-input-25e56741-input\" required class=\"otter-form-input\"\/><\/div>\n\n\n\n<div id=\"wp-block-themeisle-blocks-form-input-2530537b\" class=\"wp-block-themeisle-blocks-form-input\"><label for=\"wp-block-themeisle-blocks-form-input-2530537b-input\" class=\"otter-form-input-label\"><span class=\"otter-form-input-label__label\">EMAIL<\/span><span class=\"required\">*<\/span><\/label><input type=\"email\" id=\"wp-block-themeisle-blocks-form-input-2530537b-input\" required class=\"otter-form-input\"\/><\/div>\n\n\n\n<div id=\"wp-block-themeisle-blocks-form-textarea-6333cc70\" class=\"wp-block-themeisle-blocks-form-textarea\"><label for=\"wp-block-themeisle-blocks-form-textarea-6333cc70-input\" class=\"otter-form-textarea-label\"><span class=\"otter-form-textarea-label__label\">MESSAGE<\/span><\/label><textarea id=\"wp-block-themeisle-blocks-form-textarea-6333cc70-input\" rows=\"10\" class=\"otter-form-textarea-input\"><\/textarea><\/div>\n\n\n\n\n<div class=\"wp-block-button\"><button class=\"wp-block-button__link\" type=\"submit\">Submit<\/button><\/div><\/form><\/div>\n<\/div>\n<\/div>\n\n\n\n<div class=\"wp-block-group alignfull has-white-background-color has-background has-global-padding is-layout-constrained wp-block-group-is-layout-constrained\" style=\"padding-top:7rem;padding-bottom:7rem\">\n<h1 class=\"wp-block-heading has-text-align-center has-black-color has-text-color has-link-color has-xx-large-font-size wp-elements-c6c1cbd5ae53e0a57072cd69ef1d5347\" id=\"estructuramos-tus-ideas-con-precision\" style=\"margin-top:0;margin-bottom:20px;font-style:normal;font-weight:800;line-height:1.2\">Estructuramos tus ideas con precisi\u00f3n.<\/h1>\n\n\n\n<p><\/p>\n\n\n\n<div class=\"wp-block-buttons is-content-justification-center is-layout-flex wp-container-core-buttons-is-layout-2b69d536 wp-block-buttons-is-layout-flex\" style=\"margin-bottom:var(--wp--preset--spacing--80)\">\n<div class=\"wp-block-button is-style-outline is-style-outline--1\"><a class=\"wp-block-button__link has-black-color has-text-color has-background has-link-color has-border-color has-black-border-color has-custom-font-size wp-element-button\" href=\"https:\/\/www.ecbv.net\/solicitud-de-proyecto-de-construccion\/\" style=\"border-width:2px;border-radius:8px;background-color:#ffffff00;padding-top:13px;padding-right:25px;padding-bottom:13px;padding-left:25px;font-size:clamp(14px, 0.875rem + ((1vw - 3.2px) * 0.392), 18px);font-style:normal;font-weight:600\">Solicitar consulta<\/a><\/div>\n<\/div>\n<\/div>\n\n\n\n<p><\/p>\n","protected":false},"excerpt":{"rendered":"<p>Contacta con nosotros Estructuramos tus ideas con precisi\u00f3n.<\/p>\n","protected":false},"author":1,"featured_media":0,"parent":0,"menu_order":0,"comment_status":"closed","ping_status":"closed","template":"","meta":{"footnotes":""},"class_list":["post-927","page","type-page","status-publish","hentry"],"_links":{"self":[{"href":"https:\/\/www.ecbv.net\/index.php\/wp-json\/wp\/v2\/pages\/927","targetHints":{"allow":["GET"]}}],"collection":[{"href":"https:\/\/www.ecbv.net\/index.php\/wp-json\/wp\/v2\/pages"}],"about":[{"href":"https:\/\/www.ecbv.net\/index.php\/wp-json\/wp\/v2\/types\/page"}],"author":[{"embeddable":true,"href":"https:\/\/www.ecbv.net\/index.php\/wp-json\/wp\/v2\/users\/1"}],"replies":[{"embeddable":true,"href":"https:\/\/www.ecbv.net\/index.php\/wp-json\/wp\/v2\/comments?post=927"}],"version-history":[{"count":0,"href":"https:\/\/www.ecbv.net\/index.php\/wp-json\/wp\/v2\/pages\/927\/revisions"}],"wp:attachment":[{"href":"https:\/\/www.ecbv.net\/index.php\/wp-json\/wp\/v2\/media?parent=927"}],"curies":[{"name":"wp","href":"https:\/\/api.w.org\/{rel}","templated":true}]}}