{"id":929,"date":"2025-11-16T04:02:32","date_gmt":"2025-11-16T04:02:32","guid":{"rendered":"https:\/\/ecbv.jvsdesign.ca\/?page_id=929"},"modified":"2025-11-16T04:02:32","modified_gmt":"2025-11-16T04:02:32","slug":"supervicion-de-obras","status":"publish","type":"page","link":"https:\/\/www.ecbv.net\/index.php\/supervicion-de-obras\/","title":{"rendered":"Supervisi\u00f3n de Obras"},"content":{"rendered":"\n<section id=\"wp-block-themeisle-blocks-advanced-columns-9f8848a6\" class=\"wp-block-themeisle-blocks-advanced-columns alignfull has-2-columns has-desktop-equal-layout has-tablet-collapsedRows-layout has-mobile-collapsedRows-layout has-reverse-columns-tablet has-reverse-columns-mobile has-vertical-center has-dark-bg\"><div class=\"wp-block-themeisle-blocks-advanced-columns-overlay\"><\/div><div class=\"innerblocks-wrap\">\n<div id=\"wp-block-themeisle-blocks-advanced-column-cedf80ca\" class=\"wp-block-themeisle-blocks-advanced-column\">\n<h1 id=\"wp-block-themeisle-blocks-advanced-heading-ddc7a054\" class=\"wp-block-themeisle-blocks-advanced-heading wp-block-themeisle-blocks-advanced-heading-ddc7a054\">Supervisi\u00f3n de obras<\/h1>\n\n\n\n<div style=\"height:40px\" aria-hidden=\"true\" class=\"wp-block-spacer\"><\/div>\n\n\n\n<p><\/p>\n<\/div>\n\n\n\n<div id=\"wp-block-themeisle-blocks-advanced-column-48eed1bc\" class=\"wp-block-themeisle-blocks-advanced-column\"><\/div>\n<\/div><\/section>\n\n\n\n<section id=\"wp-block-themeisle-blocks-advanced-columns-d1604a3a\" class=\"wp-block-themeisle-blocks-advanced-columns alignfull has-2-columns has-desktop-equal-layout has-tablet-equal-layout has-mobile-collapsedRows-layout has-vertical-center has-light-bg\"><div class=\"wp-block-themeisle-blocks-advanced-columns-overlay\"><\/div><div class=\"innerblocks-wrap\">\n<div id=\"wp-block-themeisle-blocks-advanced-column-c67c96e0\" class=\"wp-block-themeisle-blocks-advanced-column\">\n<div id=\"wp-block-themeisle-blocks-advanced-heading-b691fc80\" class=\"wp-block-themeisle-blocks-advanced-heading wp-block-themeisle-blocks-advanced-heading-b691fc80\"><\/div>\n\n\n\n<h2 class=\"wp-block-heading has-text-align-left has-text-color has-link-color wp-elements-ab8207644e93964cf4b4ec31a8c4c540\" id=\"dedicated-to-excellence-in-service-1\" style=\"color:#080808;margin-top:25px;font-size:clamp(28.836px, 1.802rem + ((1vw - 3.2px) * 2.075), 50px);line-height:1.2\">Supervisi\u00f3n de Obras<\/h2>\n\n\n\n<p class=\"has-text-align-left has-text-color has-link-color wp-elements-ee3a2dd6751989f2a5ac9f0454320128\" style=\"color:#080808\">Realizamos la supervisi\u00f3n integral de la obra para garantizar que la ejecuci\u00f3n se lleve a cabo conforme a los planos, especificaciones t\u00e9cnicas, cronograma y presupuesto establecidos. Controlamos la calidad de los trabajos, el cumplimiento de normativas, la seguridad en obra y la correcta coordinaci\u00f3n entre los distintos equipos involucrados.<\/p>\n<\/div>\n\n\n\n<div id=\"wp-block-themeisle-blocks-advanced-column-8036d105\" class=\"wp-block-themeisle-blocks-advanced-column\">\n<figure class=\"wp-block-image size-full has-custom-border\"><img decoding=\"async\" src=\"https:\/\/www.ecbv.net\/wp-content\/uploads\/2025\/12\/2-2-IMG_1823-1024x768-1.jpg\" alt=\"\" class=\"wp-image-1005\" style=\"border-radius:0px;aspect-ratio:1;object-fit:cover\"\/><\/figure>\n<\/div>\n<\/div><\/section>\n\n\n\n<section id=\"wp-block-themeisle-blocks-advanced-columns-ccfdd483\" class=\"wp-block-themeisle-blocks-advanced-columns alignfull has-2-columns has-desktop-equal-layout has-tablet-equal-layout has-mobile-collapsedRows-layout has-vertical-center has-light-bg\"><div class=\"wp-block-themeisle-blocks-advanced-columns-overlay\"><\/div><div class=\"innerblocks-wrap\">\n<div id=\"wp-block-themeisle-blocks-advanced-column-db653346\" class=\"wp-block-themeisle-blocks-advanced-column\">\n<figure class=\"wp-block-image size-full has-custom-border\"><img decoding=\"async\" src=\"https:\/\/www.ecbv.net\/wp-content\/uploads\/2026\/05\/Picture7.jpg\" alt=\"\" class=\"wp-image-1355\" style=\"border-radius:0px;aspect-ratio:1;object-fit:cover\"\/><\/figure>\n<\/div>\n\n\n\n<div id=\"wp-block-themeisle-blocks-advanced-column-5e80d468\" class=\"wp-block-themeisle-blocks-advanced-column\">\n<p style=\"text-transform:uppercase\"><\/p>\n\n\n\n<h2 class=\"wp-block-heading has-text-align-left has-text-color has-link-color wp-elements-e13df4f93fbeb92d9053431a8d889f39\" id=\"dedicated-to-excellence-in-service-1\" style=\"color:#080808;margin-top:25px;font-size:clamp(28.836px, 1.802rem + ((1vw - 3.2px) * 2.075), 50px);line-height:1.2\">Supervisi\u00f3n de Dise\u00f1o<\/h2>\n\n\n\n<p class=\"has-text-align-left has-text-color has-link-color wp-elements-bb6d2821a98c3c6c141087fd7ce9d7d4\" style=\"color:#080808\">Supervisamos y validamos el desarrollo del dise\u00f1o en todas sus etapas, asegurando la coherencia t\u00e9cnica, funcional y normativa. Verificamos que las soluciones propuestas sean viables para su correcta ejecuci\u00f3n en obra, minimizando errores, retrabajos y optimizando los recursos del proyecto.<\/p>\n<\/div>\n<\/div><\/section>\n\n\n\n<div class=\"wp-block-columns has-background is-layout-flex wp-container-core-columns-is-layout-28f84493 wp-block-columns-is-layout-flex\" style=\"background-color:#f2f2f2\">\n<div class=\"wp-block-column is-layout-flow wp-block-column-is-layout-flow\" style=\"flex-basis:50%\">\n<figure class=\"wp-block-image size-full\"><img decoding=\"async\" src=\"https:\/\/www.ecbv.net\/wp-content\/uploads\/2026\/01\/WhatsApp-Image-2025-11-24-at-10.34.31_bdd1ae1e.jpg\" alt=\"\" class=\"wp-image-1118\"\/><\/figure>\n<\/div>\n\n\n\n<div class=\"wp-block-column is-layout-flow wp-block-column-is-layout-flow\" style=\"flex-basis:50%\">\n<h2 class=\"wp-block-heading has-text-color has-link-color wp-elements-a80196d0ad3f5a3b8daa14b91563e31e\" id=\"contacta-con-nosotros\" style=\"color:#2e3433\">Contacta con nosotros<\/h2>\n\n\n\n<div id=\"wp-block-themeisle-blocks-form-63a3cae9\" class=\"wp-block-themeisle-blocks-form\" data-option-name=\"bf9b28ff82ce323187abc5d0feb0d8f07ecd8436_63a3cae9\"><form class=\"otter-form__container\">\n\n<div id=\"wp-block-themeisle-blocks-form-input-25e56741\" class=\"wp-block-themeisle-blocks-form-input\"><label for=\"wp-block-themeisle-blocks-form-input-25e56741-input\" class=\"otter-form-input-label\"><span class=\"otter-form-input-label__label\">NAME<\/span><span class=\"required\">*<\/span><\/label><input type=\"text\" id=\"wp-block-themeisle-blocks-form-input-25e56741-input\" required class=\"otter-form-input\"\/><\/div>\n\n\n<div id=\"wp-block-themeisle-blocks-form-input-2530537b\" class=\"wp-block-themeisle-blocks-form-input\"><label for=\"wp-block-themeisle-blocks-form-input-2530537b-input\" class=\"otter-form-input-label\"><span class=\"otter-form-input-label__label\">EMAIL<\/span><span class=\"required\">*<\/span><\/label><input type=\"email\" id=\"wp-block-themeisle-blocks-form-input-2530537b-input\" required class=\"otter-form-input\"\/><\/div>\n\n\n<div id=\"wp-block-themeisle-blocks-form-textarea-6333cc70\" class=\"wp-block-themeisle-blocks-form-textarea\"><label for=\"wp-block-themeisle-blocks-form-textarea-6333cc70-input\" class=\"otter-form-textarea-label\"><span class=\"otter-form-textarea-label__label\">MESSAGE<\/span><\/label><textarea id=\"wp-block-themeisle-blocks-form-textarea-6333cc70-input\" rows=\"10\" class=\"otter-form-textarea-input\"><\/textarea><\/div>\n\n\n<div class=\"wp-block-button\"><button class=\"wp-block-button__link\" type=\"submit\">Submit<\/button><\/div><\/form><\/div>\n<\/div>\n<\/div>\n\n\n\n<div class=\"wp-block-group alignfull has-white-background-color has-background has-global-padding is-layout-constrained wp-block-group-is-layout-constrained\" style=\"padding-top:7rem;padding-bottom:7rem\">\n<p class=\"has-text-align-center has-black-color has-text-color has-link-color wp-elements-bea507d14012657b128c92aab5d27161\" style=\"margin-bottom:20px;font-style:normal;font-weight:500\"><\/p>\n\n\n\n<h1 class=\"wp-block-heading has-text-align-center has-black-color has-text-color has-link-color has-xx-large-font-size wp-elements-9b9263fccca04653905ae01a6e3a0bd4\" id=\"convirtamos-tu-terreno-en-una-base-solida\" style=\"margin-top:0;margin-bottom:20px;font-style:normal;font-weight:800;line-height:1.2\">Convirtamos tu terreno en una base s\u00f3lida.<\/h1>\n\n\n\n<p class=\"has-text-align-center has-black-color has-text-color has-link-color wp-elements-e5b81ecb0afc8cad66cc5ef5c27c2d34\" style=\"margin-bottom:var(--wp--preset--spacing--60)\"><\/p>\n\n\n\n<div class=\"wp-block-buttons is-content-justification-center is-layout-flex wp-container-core-buttons-is-layout-2b69d536 wp-block-buttons-is-layout-flex\" style=\"margin-bottom:var(--wp--preset--spacing--80)\">\n<div class=\"wp-block-button is-style-outline is-style-outline--1\"><a class=\"wp-block-button__link has-black-color has-text-color has-background has-link-color has-border-color has-black-border-color has-custom-font-size wp-element-button\" href=\"https:\/\/www.ecbv.net\/solicitud-de-proyecto-de-construccion\/\" style=\"border-width:2px;border-radius:8px;background-color:#ffffff00;padding-top:13px;padding-right:25px;padding-bottom:13px;padding-left:25px;font-size:clamp(14px, 0.875rem + ((1vw - 3.2px) * 0.392), 18px);font-style:normal;font-weight:600\">Solicitar Consulta<\/a><\/div>\n<\/div>\n<\/div>\n","protected":false},"excerpt":{"rendered":"<p>Contacta con nosotros Convirtamos tu terreno en una base s\u00f3lida.<\/p>\n","protected":false},"author":1,"featured_media":0,"parent":0,"menu_order":0,"comment_status":"closed","ping_status":"closed","template":"","meta":{"footnotes":""},"class_list":["post-929","page","type-page","status-publish","hentry"],"_links":{"self":[{"href":"https:\/\/www.ecbv.net\/index.php\/wp-json\/wp\/v2\/pages\/929","targetHints":{"allow":["GET"]}}],"collection":[{"href":"https:\/\/www.ecbv.net\/index.php\/wp-json\/wp\/v2\/pages"}],"about":[{"href":"https:\/\/www.ecbv.net\/index.php\/wp-json\/wp\/v2\/types\/page"}],"author":[{"embeddable":true,"href":"https:\/\/www.ecbv.net\/index.php\/wp-json\/wp\/v2\/users\/1"}],"replies":[{"embeddable":true,"href":"https:\/\/www.ecbv.net\/index.php\/wp-json\/wp\/v2\/comments?post=929"}],"version-history":[{"count":0,"href":"https:\/\/www.ecbv.net\/index.php\/wp-json\/wp\/v2\/pages\/929\/revisions"}],"wp:attachment":[{"href":"https:\/\/www.ecbv.net\/index.php\/wp-json\/wp\/v2\/media?parent=929"}],"curies":[{"name":"wp","href":"https:\/\/api.w.org\/{rel}","templated":true}]}}